{"id":8,"date":"2024-01-30T15:01:06","date_gmt":"2024-01-30T15:01:06","guid":{"rendered":"https:\/\/www.soederland.de\/wordpress\/?page_id=8"},"modified":"2024-02-06T21:18:10","modified_gmt":"2024-02-06T21:18:10","slug":"das-wichtige-impressum","status":"publish","type":"page","link":"https:\/\/www.soederland.de\/wordpress\/das-wichtige-impressum\/","title":{"rendered":"das wichtige Impressum"},"content":{"rendered":"\n<p>Diese Seite wird gestaltet vom Verein f\u00fcr Live-Rollenspiel und Altertum e.V., Sitz Detmold, gegr\u00fcndet 1994.<\/p>\n\n\n\n<p><br>Adresse des Vereins: VLAD e.V. c\/o Carsten Thurau, Georgenstra\u00dfe 16, 64546 M\u00f6rfelden. Telefon: 06105\/4059821, <a href=\"mailto:vlad@soederland.de\">vlad@soederland.de<\/a><\/p>\n\n\n\n<p><br>Vertretungsberechtigter Vorstand**: Monika Kusch-Thurau, Corinna Vanvlodorp, Carsten Thurau<\/p>\n\n\n\n<p><br>Der Verein ist auf dem Registerblatt VR 83166 ins Vereinsregister des Amtsgerichts Darmstadt eingetragen. F\u00fcr alle, die uns von fr\u00fcher kennen: ja, wir sind von Detmold aus umgezogen.<\/p>\n\n\n\n<p><br>Inhaltlich Verantwortlicher gem\u00e4\u00df \u00a7 10 Absatz 3 MDStV: Carsten Thurau, Georgenstra\u00dfe 16, 64546 M\u00f6rfelden, 06105\/4059821, <a href=\"mailto:vlad@soederland.de\">vlad@soederland.de<\/a><br><\/p>\n\n\n\n<p>Haftungshinweis: Trotz sorgf\u00e4ltiger inhaltlicher Kontrolle \u00fcbernehmen wir keine Haftung f\u00fcr die Inhalte externer Links. F\u00fcr den Inhalt der verlinkten Seiten sind ausschlie\u00dflich deren Betreiber verantwortlich.<\/p>\n","protected":false},"excerpt":{"rendered":"<p>Diese Seite wird gestaltet vom Verein f\u00fcr Live-Rollenspiel und Altertum e.V., Sitz Detmold, gegr\u00fcndet 1994. Adresse des Vereins: VLAD e.V. c\/o Carsten Thurau, Georgenstra\u00dfe 16, 64546 M\u00f6rfelden. Telefon: 06105\/4059821, vlad@soederland.de Vertretungsberechtigter Vorstand**: Monika Kusch-Thurau, Corinna Vanvlodorp, Carsten Thurau Der Verein ist auf dem Registerblatt VR 83166 ins Vereinsregister des Amtsgerichts Darmstadt eingetragen. F\u00fcr alle, die &hellip; <a href=\"https:\/\/www.soederland.de\/wordpress\/das-wichtige-impressum\/\" class=\"more-link\"><span class=\"screen-reader-text\">\u201edas wichtige Impressum\u201c <\/span>weiterlesen<\/a><\/p>\n","protected":false},"author":1,"featured_media":0,"parent":0,"menu_order":0,"comment_status":"closed","ping_status":"closed","template":"","meta":{"footnotes":""},"class_list":["post-8","page","type-page","status-publish","hentry"],"yoast_head":"<!-- This site is optimized with the Yoast SEO plugin v27.5 - https:\/\/yoast.com\/product\/yoast-seo-wordpress\/ -->\n<title>das wichtige Impressum - S\u00f6derland - ein Land im Hohen Norden<\/title>\n<meta name=\"robots\" content=\"index, follow, max-snippet:-1, max-image-preview:large, max-video-preview:-1\" \/>\n<link rel=\"canonical\" href=\"https:\/\/www.soederland.de\/wordpress\/das-wichtige-impressum\/\" \/>\n<meta property=\"og:locale\" content=\"de_DE\" \/>\n<meta property=\"og:type\" content=\"article\" \/>\n<meta property=\"og:title\" content=\"das wichtige Impressum - S\u00f6derland - ein Land im Hohen Norden\" \/>\n<meta property=\"og:description\" content=\"Diese Seite wird gestaltet vom Verein f\u00fcr Live-Rollenspiel und Altertum e.V., Sitz Detmold, gegr\u00fcndet 1994. Adresse des Vereins: VLAD e.V. c\/o Carsten Thurau, Georgenstra\u00dfe 16, 64546 M\u00f6rfelden. Telefon: 06105\/4059821, vlad@soederland.de Vertretungsberechtigter Vorstand**: Monika Kusch-Thurau, Corinna Vanvlodorp, Carsten Thurau Der Verein ist auf dem Registerblatt VR 83166 ins Vereinsregister des Amtsgerichts Darmstadt eingetragen. F\u00fcr alle, die &hellip; \u201edas wichtige Impressum\u201c weiterlesen\" \/>\n<meta property=\"og:url\" content=\"https:\/\/www.soederland.de\/wordpress\/das-wichtige-impressum\/\" \/>\n<meta property=\"og:site_name\" content=\"S\u00f6derland - ein Land im Hohen Norden\" \/>\n<meta property=\"article:modified_time\" content=\"2024-02-06T21:18:10+00:00\" \/>\n<meta name=\"twitter:card\" content=\"summary_large_image\" \/>\n<meta name=\"twitter:label1\" content=\"Gesch\u00e4tzte Lesezeit\" \/>\n\t<meta name=\"twitter:data1\" content=\"1\u00a0Minute\" \/>\n<script type=\"application\/ld+json\" class=\"yoast-schema-graph\">{\"@context\":\"https:\\\/\\\/schema.org\",\"@graph\":[{\"@type\":\"WebPage\",\"@id\":\"https:\\\/\\\/www.soederland.de\\\/wordpress\\\/das-wichtige-impressum\\\/\",\"url\":\"https:\\\/\\\/www.soederland.de\\\/wordpress\\\/das-wichtige-impressum\\\/\",\"name\":\"das wichtige Impressum - S\u00f6derland - ein Land im Hohen Norden\",\"isPartOf\":{\"@id\":\"https:\\\/\\\/www.soederland.de\\\/wordpress\\\/#website\"},\"datePublished\":\"2024-01-30T15:01:06+00:00\",\"dateModified\":\"2024-02-06T21:18:10+00:00\",\"breadcrumb\":{\"@id\":\"https:\\\/\\\/www.soederland.de\\\/wordpress\\\/das-wichtige-impressum\\\/#breadcrumb\"},\"inLanguage\":\"de\",\"potentialAction\":[{\"@type\":\"ReadAction\",\"target\":[\"https:\\\/\\\/www.soederland.de\\\/wordpress\\\/das-wichtige-impressum\\\/\"]}]},{\"@type\":\"BreadcrumbList\",\"@id\":\"https:\\\/\\\/www.soederland.de\\\/wordpress\\\/das-wichtige-impressum\\\/#breadcrumb\",\"itemListElement\":[{\"@type\":\"ListItem\",\"position\":1,\"name\":\"Home\",\"item\":\"https:\\\/\\\/www.soederland.de\\\/wordpress\\\/\"},{\"@type\":\"ListItem\",\"position\":2,\"name\":\"das wichtige Impressum\"}]},{\"@type\":\"WebSite\",\"@id\":\"https:\\\/\\\/www.soederland.de\\\/wordpress\\\/#website\",\"url\":\"https:\\\/\\\/www.soederland.de\\\/wordpress\\\/\",\"name\":\"S\u00f6derland - ein Land im Hohen Norden\",\"description\":\"das Live-Rollenspiel-Land des VLAD e.V.\",\"potentialAction\":[{\"@type\":\"SearchAction\",\"target\":{\"@type\":\"EntryPoint\",\"urlTemplate\":\"https:\\\/\\\/www.soederland.de\\\/wordpress\\\/?s={search_term_string}\"},\"query-input\":{\"@type\":\"PropertyValueSpecification\",\"valueRequired\":true,\"valueName\":\"search_term_string\"}}],\"inLanguage\":\"de\"}]}<\/script>\n<!-- \/ Yoast SEO plugin. -->","yoast_head_json":{"title":"das wichtige Impressum - S\u00f6derland - ein Land im Hohen Norden","robots":{"index":"index","follow":"follow","max-snippet":"max-snippet:-1","max-image-preview":"max-image-preview:large","max-video-preview":"max-video-preview:-1"},"canonical":"https:\/\/www.soederland.de\/wordpress\/das-wichtige-impressum\/","og_locale":"de_DE","og_type":"article","og_title":"das wichtige Impressum - S\u00f6derland - ein Land im Hohen Norden","og_description":"Diese Seite wird gestaltet vom Verein f\u00fcr Live-Rollenspiel und Altertum e.V., Sitz Detmold, gegr\u00fcndet 1994. Adresse des Vereins: VLAD e.V. c\/o Carsten Thurau, Georgenstra\u00dfe 16, 64546 M\u00f6rfelden. Telefon: 06105\/4059821, vlad@soederland.de Vertretungsberechtigter Vorstand**: Monika Kusch-Thurau, Corinna Vanvlodorp, Carsten Thurau Der Verein ist auf dem Registerblatt VR 83166 ins Vereinsregister des Amtsgerichts Darmstadt eingetragen. F\u00fcr alle, die &hellip; \u201edas wichtige Impressum\u201c weiterlesen","og_url":"https:\/\/www.soederland.de\/wordpress\/das-wichtige-impressum\/","og_site_name":"S\u00f6derland - ein Land im Hohen Norden","article_modified_time":"2024-02-06T21:18:10+00:00","twitter_card":"summary_large_image","twitter_misc":{"Gesch\u00e4tzte Lesezeit":"1\u00a0Minute"},"schema":{"@context":"https:\/\/schema.org","@graph":[{"@type":"WebPage","@id":"https:\/\/www.soederland.de\/wordpress\/das-wichtige-impressum\/","url":"https:\/\/www.soederland.de\/wordpress\/das-wichtige-impressum\/","name":"das wichtige Impressum - S\u00f6derland - ein Land im Hohen Norden","isPartOf":{"@id":"https:\/\/www.soederland.de\/wordpress\/#website"},"datePublished":"2024-01-30T15:01:06+00:00","dateModified":"2024-02-06T21:18:10+00:00","breadcrumb":{"@id":"https:\/\/www.soederland.de\/wordpress\/das-wichtige-impressum\/#breadcrumb"},"inLanguage":"de","potentialAction":[{"@type":"ReadAction","target":["https:\/\/www.soederland.de\/wordpress\/das-wichtige-impressum\/"]}]},{"@type":"BreadcrumbList","@id":"https:\/\/www.soederland.de\/wordpress\/das-wichtige-impressum\/#breadcrumb","itemListElement":[{"@type":"ListItem","position":1,"name":"Home","item":"https:\/\/www.soederland.de\/wordpress\/"},{"@type":"ListItem","position":2,"name":"das wichtige Impressum"}]},{"@type":"WebSite","@id":"https:\/\/www.soederland.de\/wordpress\/#website","url":"https:\/\/www.soederland.de\/wordpress\/","name":"S\u00f6derland - ein Land im Hohen Norden","description":"das Live-Rollenspiel-Land des VLAD e.V.","potentialAction":[{"@type":"SearchAction","target":{"@type":"EntryPoint","urlTemplate":"https:\/\/www.soederland.de\/wordpress\/?s={search_term_string}"},"query-input":{"@type":"PropertyValueSpecification","valueRequired":true,"valueName":"search_term_string"}}],"inLanguage":"de"}]}},"_links":{"self":[{"href":"https:\/\/www.soederland.de\/wordpress\/wp-json\/wp\/v2\/pages\/8","targetHints":{"allow":["GET"]}}],"collection":[{"href":"https:\/\/www.soederland.de\/wordpress\/wp-json\/wp\/v2\/pages"}],"about":[{"href":"https:\/\/www.soederland.de\/wordpress\/wp-json\/wp\/v2\/types\/page"}],"author":[{"embeddable":true,"href":"https:\/\/www.soederland.de\/wordpress\/wp-json\/wp\/v2\/users\/1"}],"replies":[{"embeddable":true,"href":"https:\/\/www.soederland.de\/wordpress\/wp-json\/wp\/v2\/comments?post=8"}],"version-history":[{"count":2,"href":"https:\/\/www.soederland.de\/wordpress\/wp-json\/wp\/v2\/pages\/8\/revisions"}],"predecessor-version":[{"id":744,"href":"https:\/\/www.soederland.de\/wordpress\/wp-json\/wp\/v2\/pages\/8\/revisions\/744"}],"wp:attachment":[{"href":"https:\/\/www.soederland.de\/wordpress\/wp-json\/wp\/v2\/media?parent=8"}],"curies":[{"name":"wp","href":"https:\/\/api.w.org\/{rel}","templated":true}]}}