{"id":732,"date":"2024-02-04T21:55:47","date_gmt":"2024-02-04T21:55:47","guid":{"rendered":"https:\/\/www.soederland.de\/wordpress\/?page_id=732"},"modified":"2024-02-10T17:14:53","modified_gmt":"2024-02-10T17:14:53","slug":"soederland-das-land-im-hohen-norden","status":"publish","type":"page","link":"https:\/\/www.soederland.de\/wordpress\/","title":{"rendered":"S\u00f6derland &#8211; das Land im Hohen Norden"},"content":{"rendered":"<div class=\"wp-block-image\">\n<figure class=\"aligncenter size-full\"><img loading=\"lazy\" decoding=\"async\" width=\"400\" height=\"60\" src=\"https:\/\/www.soederland.de\/wordpress\/wp-content\/uploads\/2024\/02\/banner.gif\" alt=\"\" class=\"wp-image-734\"\/><\/figure>\n<\/div>\n\n\n<figure class=\"wp-block-table\"><table><tbody><tr><td><strong><a href=\"https:\/\/www.soederland.de\/wordpress\/index.php\/category\/fuer-auslaender\/\">Nicht-S\u00f6derlander und Anf\u00e4nger<\/a><\/strong><\/td><td>k\u00f6nnen sich mal \u00fcber Live-Rollenspiel in S\u00f6derland informieren.<\/td><\/tr><tr><td><strong><a href=\"https:\/\/www.soederland.de\/wordpress\/index.php\/category\/fuer-soederlaender\/\">S\u00f6derlander unter sich<\/a><\/strong><\/td><td>Was wei\u00df ein S\u00f6derlander?<\/td><\/tr><tr><td><a href=\"https:\/\/www.soederland.de\/wordpress\/category\/fun\/\"><strong>Fun<\/strong><\/a><\/td><td>Lustiges \u00fcber S\u00f6derlander<\/td><\/tr><tr><td><strong><a href=\"https:\/\/www.soederland.de\/wordpress\/index.php\/category\/cons\/\">Cons in S\u00f6derland<\/a><\/strong><\/td><td>Vergangenes und Zuk\u00fcnftiges<\/td><\/tr><tr><td><strong><a href=\"https:\/\/www.soederland.de\/wordpress\/index.php\/2024\/01\/30\/vlad-e-v\/\">VLAD e.V.<\/a><\/strong><\/td><td>Der Verein hinter S\u00f6derland<\/td><\/tr><tr><td><a href=\"https:\/\/www.soederland.de\/wordpress\/category\/sonstiges\/\"><strong>sonstiges<\/strong><\/a><\/td><td>alles, was nirgendwo sonst reinpasste<\/td><\/tr><tr><td><a href=\"https:\/\/www.soederland.de\/wordpress\/index.php\/das-wichtige-impressum\/\">Impressum und Kontakt<\/a><\/td><td><\/td><\/tr><\/tbody><\/table><\/figure>\n\n\n<div class=\"wp-block-image\">\n<figure class=\"aligncenter size-full\"><img loading=\"lazy\" decoding=\"async\" width=\"208\" height=\"244\" src=\"https:\/\/www.soederland.de\/wordpress\/wp-content\/uploads\/2024\/02\/Schaf4.jpg\" alt=\"\" class=\"wp-image-816\"\/><\/figure>\n<\/div>","protected":false},"excerpt":{"rendered":"<p>Nicht-S\u00f6derlander und Anf\u00e4nger k\u00f6nnen sich mal \u00fcber Live-Rollenspiel in S\u00f6derland informieren. S\u00f6derlander unter sich Was wei\u00df ein S\u00f6derlander? Fun Lustiges \u00fcber S\u00f6derlander Cons in S\u00f6derland Vergangenes und Zuk\u00fcnftiges VLAD e.V. Der Verein hinter S\u00f6derland sonstiges alles, was nirgendwo sonst reinpasste Impressum und Kontakt<\/p>\n","protected":false},"author":1,"featured_media":0,"parent":0,"menu_order":0,"comment_status":"closed","ping_status":"closed","template":"","meta":{"footnotes":""},"class_list":["post-732","page","type-page","status-publish","hentry"],"yoast_head":"<!-- This site is optimized with the Yoast SEO plugin v27.5 - https:\/\/yoast.com\/product\/yoast-seo-wordpress\/ -->\n<title>S\u00f6derland - das Land im Hohen Norden - S\u00f6derland - ein Land im Hohen Norden<\/title>\n<meta name=\"robots\" content=\"index, follow, max-snippet:-1, max-image-preview:large, max-video-preview:-1\" \/>\n<link rel=\"canonical\" href=\"https:\/\/www.soederland.de\/wordpress\/\" \/>\n<meta property=\"og:locale\" content=\"de_DE\" \/>\n<meta property=\"og:type\" content=\"article\" \/>\n<meta property=\"og:title\" content=\"S\u00f6derland - das Land im Hohen Norden - S\u00f6derland - ein Land im Hohen Norden\" \/>\n<meta property=\"og:description\" content=\"Nicht-S\u00f6derlander und Anf\u00e4nger k\u00f6nnen sich mal \u00fcber Live-Rollenspiel in S\u00f6derland informieren. S\u00f6derlander unter sich Was wei\u00df ein S\u00f6derlander? Fun Lustiges \u00fcber S\u00f6derlander Cons in S\u00f6derland Vergangenes und Zuk\u00fcnftiges VLAD e.V. Der Verein hinter S\u00f6derland sonstiges alles, was nirgendwo sonst reinpasste Impressum und Kontakt\" \/>\n<meta property=\"og:url\" content=\"https:\/\/www.soederland.de\/wordpress\/\" \/>\n<meta property=\"og:site_name\" content=\"S\u00f6derland - ein Land im Hohen Norden\" \/>\n<meta property=\"article:modified_time\" content=\"2024-02-10T17:14:53+00:00\" \/>\n<meta property=\"og:image\" content=\"https:\/\/www.soederland.de\/wordpress\/wp-content\/uploads\/2024\/02\/banner.gif\" \/>\n<meta name=\"twitter:card\" content=\"summary_large_image\" \/>\n<meta name=\"twitter:label1\" content=\"Gesch\u00e4tzte Lesezeit\" \/>\n\t<meta name=\"twitter:data1\" content=\"1\u00a0Minute\" \/>\n<script type=\"application\/ld+json\" class=\"yoast-schema-graph\">{\"@context\":\"https:\\\/\\\/schema.org\",\"@graph\":[{\"@type\":\"WebPage\",\"@id\":\"https:\\\/\\\/www.soederland.de\\\/wordpress\\\/\",\"url\":\"https:\\\/\\\/www.soederland.de\\\/wordpress\\\/\",\"name\":\"S\u00f6derland - das Land im Hohen Norden - S\u00f6derland - ein Land im Hohen Norden\",\"isPartOf\":{\"@id\":\"https:\\\/\\\/www.soederland.de\\\/wordpress\\\/#website\"},\"primaryImageOfPage\":{\"@id\":\"https:\\\/\\\/www.soederland.de\\\/wordpress\\\/#primaryimage\"},\"image\":{\"@id\":\"https:\\\/\\\/www.soederland.de\\\/wordpress\\\/#primaryimage\"},\"thumbnailUrl\":\"https:\\\/\\\/www.soederland.de\\\/wordpress\\\/wp-content\\\/uploads\\\/2024\\\/02\\\/banner.gif\",\"datePublished\":\"2024-02-04T21:55:47+00:00\",\"dateModified\":\"2024-02-10T17:14:53+00:00\",\"breadcrumb\":{\"@id\":\"https:\\\/\\\/www.soederland.de\\\/wordpress\\\/#breadcrumb\"},\"inLanguage\":\"de\",\"potentialAction\":[{\"@type\":\"ReadAction\",\"target\":[\"https:\\\/\\\/www.soederland.de\\\/wordpress\\\/\"]}]},{\"@type\":\"ImageObject\",\"inLanguage\":\"de\",\"@id\":\"https:\\\/\\\/www.soederland.de\\\/wordpress\\\/#primaryimage\",\"url\":\"https:\\\/\\\/www.soederland.de\\\/wordpress\\\/wp-content\\\/uploads\\\/2024\\\/02\\\/banner.gif\",\"contentUrl\":\"https:\\\/\\\/www.soederland.de\\\/wordpress\\\/wp-content\\\/uploads\\\/2024\\\/02\\\/banner.gif\",\"width\":400,\"height\":60},{\"@type\":\"BreadcrumbList\",\"@id\":\"https:\\\/\\\/www.soederland.de\\\/wordpress\\\/#breadcrumb\",\"itemListElement\":[{\"@type\":\"ListItem\",\"position\":1,\"name\":\"Home\",\"item\":\"https:\\\/\\\/www.soederland.de\\\/wordpress\\\/\"},{\"@type\":\"ListItem\",\"position\":2,\"name\":\"S\u00f6derland &#8211; das Land im Hohen Norden\"}]},{\"@type\":\"WebSite\",\"@id\":\"https:\\\/\\\/www.soederland.de\\\/wordpress\\\/#website\",\"url\":\"https:\\\/\\\/www.soederland.de\\\/wordpress\\\/\",\"name\":\"S\u00f6derland - ein Land im Hohen Norden\",\"description\":\"das Live-Rollenspiel-Land des VLAD e.V.\",\"potentialAction\":[{\"@type\":\"SearchAction\",\"target\":{\"@type\":\"EntryPoint\",\"urlTemplate\":\"https:\\\/\\\/www.soederland.de\\\/wordpress\\\/?s={search_term_string}\"},\"query-input\":{\"@type\":\"PropertyValueSpecification\",\"valueRequired\":true,\"valueName\":\"search_term_string\"}}],\"inLanguage\":\"de\"}]}<\/script>\n<!-- \/ Yoast SEO plugin. -->","yoast_head_json":{"title":"S\u00f6derland - das Land im Hohen Norden - S\u00f6derland - ein Land im Hohen Norden","robots":{"index":"index","follow":"follow","max-snippet":"max-snippet:-1","max-image-preview":"max-image-preview:large","max-video-preview":"max-video-preview:-1"},"canonical":"https:\/\/www.soederland.de\/wordpress\/","og_locale":"de_DE","og_type":"article","og_title":"S\u00f6derland - das Land im Hohen Norden - S\u00f6derland - ein Land im Hohen Norden","og_description":"Nicht-S\u00f6derlander und Anf\u00e4nger k\u00f6nnen sich mal \u00fcber Live-Rollenspiel in S\u00f6derland informieren. S\u00f6derlander unter sich Was wei\u00df ein S\u00f6derlander? Fun Lustiges \u00fcber S\u00f6derlander Cons in S\u00f6derland Vergangenes und Zuk\u00fcnftiges VLAD e.V. Der Verein hinter S\u00f6derland sonstiges alles, was nirgendwo sonst reinpasste Impressum und Kontakt","og_url":"https:\/\/www.soederland.de\/wordpress\/","og_site_name":"S\u00f6derland - ein Land im Hohen Norden","article_modified_time":"2024-02-10T17:14:53+00:00","og_image":[{"url":"https:\/\/www.soederland.de\/wordpress\/wp-content\/uploads\/2024\/02\/banner.gif","type":"","width":"","height":""}],"twitter_card":"summary_large_image","twitter_misc":{"Gesch\u00e4tzte Lesezeit":"1\u00a0Minute"},"schema":{"@context":"https:\/\/schema.org","@graph":[{"@type":"WebPage","@id":"https:\/\/www.soederland.de\/wordpress\/","url":"https:\/\/www.soederland.de\/wordpress\/","name":"S\u00f6derland - das Land im Hohen Norden - S\u00f6derland - ein Land im Hohen Norden","isPartOf":{"@id":"https:\/\/www.soederland.de\/wordpress\/#website"},"primaryImageOfPage":{"@id":"https:\/\/www.soederland.de\/wordpress\/#primaryimage"},"image":{"@id":"https:\/\/www.soederland.de\/wordpress\/#primaryimage"},"thumbnailUrl":"https:\/\/www.soederland.de\/wordpress\/wp-content\/uploads\/2024\/02\/banner.gif","datePublished":"2024-02-04T21:55:47+00:00","dateModified":"2024-02-10T17:14:53+00:00","breadcrumb":{"@id":"https:\/\/www.soederland.de\/wordpress\/#breadcrumb"},"inLanguage":"de","potentialAction":[{"@type":"ReadAction","target":["https:\/\/www.soederland.de\/wordpress\/"]}]},{"@type":"ImageObject","inLanguage":"de","@id":"https:\/\/www.soederland.de\/wordpress\/#primaryimage","url":"https:\/\/www.soederland.de\/wordpress\/wp-content\/uploads\/2024\/02\/banner.gif","contentUrl":"https:\/\/www.soederland.de\/wordpress\/wp-content\/uploads\/2024\/02\/banner.gif","width":400,"height":60},{"@type":"BreadcrumbList","@id":"https:\/\/www.soederland.de\/wordpress\/#breadcrumb","itemListElement":[{"@type":"ListItem","position":1,"name":"Home","item":"https:\/\/www.soederland.de\/wordpress\/"},{"@type":"ListItem","position":2,"name":"S\u00f6derland &#8211; das Land im Hohen Norden"}]},{"@type":"WebSite","@id":"https:\/\/www.soederland.de\/wordpress\/#website","url":"https:\/\/www.soederland.de\/wordpress\/","name":"S\u00f6derland - ein Land im Hohen Norden","description":"das Live-Rollenspiel-Land des VLAD e.V.","potentialAction":[{"@type":"SearchAction","target":{"@type":"EntryPoint","urlTemplate":"https:\/\/www.soederland.de\/wordpress\/?s={search_term_string}"},"query-input":{"@type":"PropertyValueSpecification","valueRequired":true,"valueName":"search_term_string"}}],"inLanguage":"de"}]}},"_links":{"self":[{"href":"https:\/\/www.soederland.de\/wordpress\/wp-json\/wp\/v2\/pages\/732","targetHints":{"allow":["GET"]}}],"collection":[{"href":"https:\/\/www.soederland.de\/wordpress\/wp-json\/wp\/v2\/pages"}],"about":[{"href":"https:\/\/www.soederland.de\/wordpress\/wp-json\/wp\/v2\/types\/page"}],"author":[{"embeddable":true,"href":"https:\/\/www.soederland.de\/wordpress\/wp-json\/wp\/v2\/users\/1"}],"replies":[{"embeddable":true,"href":"https:\/\/www.soederland.de\/wordpress\/wp-json\/wp\/v2\/comments?post=732"}],"version-history":[{"count":4,"href":"https:\/\/www.soederland.de\/wordpress\/wp-json\/wp\/v2\/pages\/732\/revisions"}],"predecessor-version":[{"id":817,"href":"https:\/\/www.soederland.de\/wordpress\/wp-json\/wp\/v2\/pages\/732\/revisions\/817"}],"wp:attachment":[{"href":"https:\/\/www.soederland.de\/wordpress\/wp-json\/wp\/v2\/media?parent=732"}],"curies":[{"name":"wp","href":"https:\/\/api.w.org\/{rel}","templated":true}]}}